{"id":602,"date":"2025-09-02T19:09:30","date_gmt":"2025-09-02T19:09:30","guid":{"rendered":"https:\/\/arratzservicesconsulting.com\/?page_id=602"},"modified":"2025-09-15T15:39:34","modified_gmt":"2025-09-15T15:39:34","slug":"telemarketing-y-marketing-digital","status":"publish","type":"page","link":"https:\/\/arratzservicesconsulting.com\/en\/telemarketing-y-marketing-digital\/","title":{"rendered":"telemarketing y marketing digital"},"content":{"rendered":"<div class=\"wp-block-cover\"><img loading=\"lazy\" decoding=\"async\" width=\"1024\" height=\"683\" class=\"wp-block-cover__image-background wp-image-768 size-large\" alt=\"\" src=\"https:\/\/arratzservicesconsulting.com\/wp-content\/uploads\/2025\/09\/ChatGPT-Image-15-sept-2025-14_55_48-1024x683.png\" style=\"object-position:68% 72%\" data-object-fit=\"cover\" data-object-position=\"68% 72%\" srcset=\"https:\/\/arratzservicesconsulting.com\/wp-content\/uploads\/2025\/09\/ChatGPT-Image-15-sept-2025-14_55_48-1024x683.png 1024w, https:\/\/arratzservicesconsulting.com\/wp-content\/uploads\/2025\/09\/ChatGPT-Image-15-sept-2025-14_55_48-300x200.png 300w, https:\/\/arratzservicesconsulting.com\/wp-content\/uploads\/2025\/09\/ChatGPT-Image-15-sept-2025-14_55_48-768x512.png 768w, https:\/\/arratzservicesconsulting.com\/wp-content\/uploads\/2025\/09\/ChatGPT-Image-15-sept-2025-14_55_48.png 1536w\" sizes=\"auto, (max-width: 1024px) 100vw, 1024px\" \/><span aria-hidden=\"true\" class=\"wp-block-cover__background has-background-dim\" style=\"background-color:#61574e\"><\/span><div class=\"wp-block-cover__inner-container is-layout-constrained wp-block-cover-is-layout-constrained\">\n<div class=\"wp-block-uagb-advanced-heading uagb-block-af098223\"><h1 class=\"uagb-heading-text\">Your business is silent. And silence doesn't sell.<\/h1><\/div>\n\n\n\n<div class=\"wp-block-uagb-advanced-heading uagb-block-4538f62d\"><h5 class=\"uagb-heading-text translation-block\">In a world that doesn't wait, we give you visibility, voice, and rhythm. <br><strong>We call, we capture, we move, and we sell. For you.<\/strong><\/h5><\/div>\n<\/div><\/div>\n\n\n\n<div style=\"height:11px\" aria-hidden=\"true\" class=\"wp-block-spacer\"><\/div>\n\n\n\n<div class=\"wp-block-buttons is-content-justification-center is-layout-flex wp-container-core-buttons-is-layout-a89b3969 wp-block-buttons-is-layout-flex\">\n<div class=\"wp-block-button\"><a class=\"wp-block-button__link has-background has-text-align-center wp-element-button\" href=\"https:\/\/arratzservicesconsulting.com\/en\/contacto\/\" style=\"background-color:#dfbd52\">Request a consultation <\/a><\/div>\n<\/div>\n\n\n\n<div class=\"wp-block-uagb-advanced-heading uagb-block-c5f8f67e\"><h2 class=\"uagb-heading-text\">What do we solve?<\/h2><\/div>\n\n\n\n<div class=\"wp-block-uagb-container uagb-block-eec6eb11 alignfull uagb-is-root-container\"><div class=\"uagb-container-inner-blocks-wrap\">\n<div class=\"wp-block-uagb-info-box uagb-block-7975df71 uagb-infobox__content-wrap  uagb-infobox-icon-left uagb-infobox-left uagb-infobox-stacked-tablet uagb-infobox-image-valign-middle\"><div class=\"uagb-ifb-image-content\"><img decoding=\"async\" src=\"https:\/\/arratzservicesconsulting.com\/wp-content\/uploads\/2025\/09\/Diseno-sin-titulo-29-150x150.png\" alt=\"\" width=\"433\" height=\"433\" loading=\"lazy\"\/><\/div><div class=\"uagb-ifb-content\"><div class=\"uagb-ifb-title-wrap\"><\/div><p class=\"uagb-ifb-desc\">Generating real leads<\/p><\/div><\/div>\n\n\n\n<div class=\"wp-block-uagb-info-box uagb-block-8d29350c uagb-infobox__content-wrap  uagb-infobox-icon-left uagb-infobox-left uagb-infobox-stacked-tablet uagb-infobox-image-valign-middle\"><div class=\"uagb-ifb-image-content\"><img decoding=\"async\" src=\"https:\/\/arratzservicesconsulting.com\/wp-content\/uploads\/2025\/09\/Diseno-sin-titulo-30-150x150.png\" alt=\"\" width=\"432\" height=\"432\" loading=\"lazy\"\/><\/div><div class=\"uagb-ifb-content\"><div class=\"uagb-ifb-title-wrap\"><\/div><p class=\"uagb-ifb-desc\">Qualified and human cold calls<\/p><\/div><\/div>\n\n\n\n<div class=\"wp-block-uagb-info-box uagb-block-d481a57b uagb-infobox__content-wrap  uagb-infobox-icon-left uagb-infobox-left uagb-infobox-stacked-tablet uagb-infobox-image-valign-middle\"><div class=\"uagb-ifb-image-content\"><img decoding=\"async\" src=\"https:\/\/arratzservicesconsulting.com\/wp-content\/uploads\/2025\/09\/Diseno-sin-titulo-31-150x150.png\" alt=\"\" width=\"432\" height=\"432\" loading=\"lazy\"\/><\/div><div class=\"uagb-ifb-content\"><div class=\"uagb-ifb-title-wrap\"><\/div><p class=\"uagb-ifb-desc\">Digital campaigns that don't waste a single euro<\/p><\/div><\/div>\n\n\n\n<div class=\"wp-block-uagb-info-box uagb-block-442b13bb uagb-infobox__content-wrap  uagb-infobox-icon-left uagb-infobox-left uagb-infobox-stacked-tablet uagb-infobox-image-valign-middle\"><div class=\"uagb-ifb-image-content\"><img decoding=\"async\" src=\"https:\/\/arratzservicesconsulting.com\/wp-content\/uploads\/2025\/09\/Diseno-sin-titulo-32-150x150.png\" alt=\"\" width=\"432\" height=\"432\" loading=\"lazy\"\/><\/div><div class=\"uagb-ifb-content\"><div class=\"uagb-ifb-title-wrap\"><\/div><p class=\"uagb-ifb-desc\">Customer follow-up, closing, and retention<\/p><\/div><\/div>\n\n\n\n<div class=\"wp-block-uagb-info-box uagb-block-3413e606 uagb-infobox__content-wrap  uagb-infobox-icon-left uagb-infobox-left uagb-infobox-stacked-tablet uagb-infobox-image-valign-middle\"><div class=\"uagb-ifb-image-content\"><img decoding=\"async\" src=\"https:\/\/arratzservicesconsulting.com\/wp-content\/uploads\/2025\/09\/Diseno-sin-titulo-33-150x150.png\" alt=\"\" width=\"432\" height=\"432\" loading=\"lazy\"\/><\/div><div class=\"uagb-ifb-content\"><div class=\"uagb-ifb-title-wrap\"><\/div><p class=\"uagb-ifb-desc\">Constant analysis and optimization<\/p><\/div><\/div>\n<\/div><\/div>\n\n\n\n<div class=\"wp-block-uagb-advanced-heading uagb-block-471a7060\"><h5 class=\"uagb-heading-text translation-block\">Does your team lack the time or expertise to attract new clients? We'll do it for you, with methodology, pitch, and strategy.<\/h5><\/div>\n\n\n\n<div style=\"height:28px\" aria-hidden=\"true\" class=\"wp-block-spacer\"><\/div>\n\n\n\n<div class=\"wp-block-uagb-advanced-heading uagb-block-f0902669\"><h2 class=\"uagb-heading-text\">Services that sell for you.<\/h2><\/div>\n\n\n\n<div class=\"wp-block-uagb-container uagb-block-8657f922 alignfull uagb-is-root-container\">\n<div class=\"wp-block-uagb-container uagb-block-f0679a97\">\n<div class=\"wp-block-uagb-info-box uagb-block-c6c2f91d uagb-infobox__content-wrap  uagb-infobox-icon-above-title uagb-infobox-image-valign-top\"><div class=\"uagb-ifb-content\"><div class=\"uagb-ifb-title-wrap\"><h3 class=\"uagb-ifb-title\">Professional telemarketing<\/h3><\/div><\/div><\/div>\n\n\n\n<div class=\"wp-block-uagb-icon-list uagb-block-84c712e9\"><div class=\"uagb-icon-list__wrap\">\n<div class=\"wp-block-uagb-icon-list-child uagb-block-c598fb09\"><span class=\"uagb-icon-list__source-wrap\"><svg xmlns=\"https:\/\/www.w3.org\/2000\/svg\" viewbox=\"0 0 384 512\"><path d=\"M192 80C94.83 80 16 158.8 16 256c0 97.17 78.83 176 176 176s176-78.83 176-176C368 158.8 289.2 80 192 80zM192 352c-52.95 0-96-43.05-96-96c0-52.95 43.05-96 96-96s96 43.05 96 96C288 308.9 244.1 352 192 352z\"><\/path><\/svg><\/span><span class=\"uagb-icon-list__label\">Cold lead generation with trained teams<\/span><\/div>\n\n\n\n<div class=\"wp-block-uagb-icon-list-child uagb-block-efa27188\"><span class=\"uagb-icon-list__source-wrap\"><svg xmlns=\"https:\/\/www.w3.org\/2000\/svg\" viewbox=\"0 0 384 512\"><path d=\"M192 80C94.83 80 16 158.8 16 256c0 97.17 78.83 176 176 176s176-78.83 176-176C368 158.8 289.2 80 192 80zM192 352c-52.95 0-96-43.05-96-96c0-52.95 43.05-96 96-96s96 43.05 96 96C288 308.9 244.1 352 192 352z\"><\/path><\/svg><\/span><span class=\"uagb-icon-list__label\">Qualification of business opportunities<\/span><\/div>\n\n\n\n<div class=\"wp-block-uagb-icon-list-child uagb-block-edc54eae\"><span class=\"uagb-icon-list__source-wrap\"><svg xmlns=\"https:\/\/www.w3.org\/2000\/svg\" viewbox=\"0 0 384 512\"><path d=\"M192 80C94.83 80 16 158.8 16 256c0 97.17 78.83 176 176 176s176-78.83 176-176C368 158.8 289.2 80 192 80zM192 352c-52.95 0-96-43.05-96-96c0-52.95 43.05-96 96-96s96 43.05 96 96C288 308.9 244.1 352 192 352z\"><\/path><\/svg><\/span><span class=\"uagb-icon-list__label\">Appointment scheduling for your sales team<\/span><\/div>\n\n\n\n<div class=\"wp-block-uagb-icon-list-child uagb-block-2c6bab11\"><span class=\"uagb-icon-list__source-wrap\"><svg xmlns=\"https:\/\/www.w3.org\/2000\/svg\" viewbox=\"0 0 384 512\"><path d=\"M192 80C94.83 80 16 158.8 16 256c0 97.17 78.83 176 176 176s176-78.83 176-176C368 158.8 289.2 80 192 80zM192 352c-52.95 0-96-43.05-96-96c0-52.95 43.05-96 96-96s96 43.05 96 96C288 308.9 244.1 352 192 352z\"><\/path><\/svg><\/span><span class=\"uagb-icon-list__label\">Customized arguments by sector<\/span><\/div>\n\n\n\n<div class=\"wp-block-uagb-icon-list-child uagb-block-6cab94f2\"><span class=\"uagb-icon-list__source-wrap\"><svg xmlns=\"https:\/\/www.w3.org\/2000\/svg\" viewbox=\"0 0 384 512\"><path d=\"M192 80C94.83 80 16 158.8 16 256c0 97.17 78.83 176 176 176s176-78.83 176-176C368 158.8 289.2 80 192 80zM192 352c-52.95 0-96-43.05-96-96c0-52.95 43.05-96 96-96s96 43.05 96 96C288 308.9 244.1 352 192 352z\"><\/path><\/svg><\/span><span class=\"uagb-icon-list__label\">Contact scripts, CRM and daily follow-up<\/span><\/div>\n<\/div><\/div>\n<\/div>\n\n\n\n<div class=\"wp-block-uagb-container uagb-block-26813190\">\n<div class=\"wp-block-uagb-info-box uagb-block-6006d86a uagb-infobox__content-wrap  uagb-infobox-icon-above-title uagb-infobox-image-valign-top\"><div class=\"uagb-ifb-content\"><div class=\"uagb-ifb-title-wrap\"><h3 class=\"uagb-ifb-title\">Strategic digital marketing<\/h3><\/div><\/div><\/div>\n\n\n\n<div class=\"wp-block-uagb-icon-list uagb-block-1e06c822\"><div class=\"uagb-icon-list__wrap\">\n<div class=\"wp-block-uagb-icon-list-child uagb-block-1c6f4e67\"><span class=\"uagb-icon-list__source-wrap\"><svg xmlns=\"https:\/\/www.w3.org\/2000\/svg\" viewbox=\"0 0 384 512\"><path d=\"M192 80C94.83 80 16 158.8 16 256c0 97.17 78.83 176 176 176s176-78.83 176-176C368 158.8 289.2 80 192 80zM192 352c-52.95 0-96-43.05-96-96c0-52.95 43.05-96 96-96s96 43.05 96 96C288 308.9 244.1 352 192 352z\"><\/path><\/svg><\/span><span class=\"uagb-icon-list__label\">Campaigns in Meta Ads and Google Ads<\/span><\/div>\n\n\n\n<div class=\"wp-block-uagb-icon-list-child uagb-block-1f55a925\"><span class=\"uagb-icon-list__source-wrap\"><svg xmlns=\"https:\/\/www.w3.org\/2000\/svg\" viewbox=\"0 0 384 512\"><path d=\"M192 80C94.83 80 16 158.8 16 256c0 97.17 78.83 176 176 176s176-78.83 176-176C368 158.8 289.2 80 192 80zM192 352c-52.95 0-96-43.05-96-96c0-52.95 43.05-96 96-96s96 43.05 96 96C288 308.9 244.1 352 192 352z\"><\/path><\/svg><\/span><span class=\"uagb-icon-list__label\">Conversion and automation funnels<\/span><\/div>\n\n\n\n<div class=\"wp-block-uagb-icon-list-child uagb-block-f89121f3\"><span class=\"uagb-icon-list__source-wrap\"><svg xmlns=\"https:\/\/www.w3.org\/2000\/svg\" viewbox=\"0 0 384 512\"><path d=\"M192 80C94.83 80 16 158.8 16 256c0 97.17 78.83 176 176 176s176-78.83 176-176C368 158.8 289.2 80 192 80zM192 352c-52.95 0-96-43.05-96-96c0-52.95 43.05-96 96-96s96 43.05 96 96C288 308.9 244.1 352 192 352z\"><\/path><\/svg><\/span><span class=\"uagb-icon-list__label\">Advanced segmentation and detailed reporting<\/span><\/div>\n\n\n\n<div class=\"wp-block-uagb-icon-list-child uagb-block-079f6a92\"><span class=\"uagb-icon-list__source-wrap\"><svg xmlns=\"https:\/\/www.w3.org\/2000\/svg\" viewbox=\"0 0 384 512\"><path d=\"M192 80C94.83 80 16 158.8 16 256c0 97.17 78.83 176 176 176s176-78.83 176-176C368 158.8 289.2 80 192 80zM192 352c-52.95 0-96-43.05-96-96c0-52.95 43.05-96 96-96s96 43.05 96 96C288 308.9 244.1 352 192 352z\"><\/path><\/svg><\/span><span class=\"uagb-icon-list__label\">Design of high-impact creatives and messages<\/span><\/div>\n<\/div><\/div>\n<\/div>\n\n\n\n<div class=\"wp-block-uagb-container uagb-block-2c782586\">\n<div class=\"wp-block-uagb-info-box uagb-block-6607eec1 uagb-infobox__content-wrap  uagb-infobox-icon-above-title uagb-infobox-image-valign-top\"><div class=\"uagb-ifb-content\"><div class=\"uagb-ifb-title-wrap\"><h3 class=\"uagb-ifb-title\">Mixed service: digital capture + human call<\/h3><\/div><\/div><\/div>\n\n\n\n<div class=\"wp-block-uagb-icon-list uagb-block-10656aad\"><div class=\"uagb-icon-list__wrap\">\n<div class=\"wp-block-uagb-icon-list-child uagb-block-d49ecb9e\"><span class=\"uagb-icon-list__source-wrap\"><svg xmlns=\"https:\/\/www.w3.org\/2000\/svg\" viewbox=\"0 0 384 512\"><path d=\"M192 80C94.83 80 16 158.8 16 256c0 97.17 78.83 176 176 176s176-78.83 176-176C368 158.8 289.2 80 192 80zM192 352c-52.95 0-96-43.05-96-96c0-52.95 43.05-96 96-96s96 43.05 96 96C288 308.9 244.1 352 192 352z\"><\/path><\/svg><\/span><span class=\"uagb-icon-list__label\">We capture leads through ads \u2192 we call them \u2192 we arrange<\/span><\/div>\n\n\n\n<div class=\"wp-block-uagb-icon-list-child uagb-block-70cf13ec\"><span class=\"uagb-icon-list__source-wrap\"><svg xmlns=\"https:\/\/www.w3.org\/2000\/svg\" viewbox=\"0 0 384 512\"><path d=\"M192 80C94.83 80 16 158.8 16 256c0 97.17 78.83 176 176 176s176-78.83 176-176C368 158.8 289.2 80 192 80zM192 352c-52.95 0-96-43.05-96-96c0-52.95 43.05-96 96-96s96 43.05 96 96C288 308.9 244.1 352 192 352z\"><\/path><\/svg><\/span><span class=\"uagb-icon-list__label\">Ideal for B2B services, training, consulting and products<\/span><\/div>\n<\/div><\/div>\n<\/div>\n<\/div>\n\n\n\n<p><\/p>\n\n\n\n<div class=\"wp-block-uagb-advanced-heading uagb-block-5b6f59fb\"><h1 class=\"uagb-heading-text\">Why choose us<\/h1><\/div>\n\n\n\n<div class=\"wp-block-uagb-advanced-heading uagb-block-733280a3\"><h4 class=\"uagb-heading-text\">We don't improvise: we execute processes that work.<\/h4><\/div>\n\n\n\n<div class=\"wp-block-uagb-container uagb-block-e57b6bd3 alignfull uagb-is-root-container\"><div class=\"uagb-container-inner-blocks-wrap\">\n<div class=\"wp-block-uagb-container uagb-block-a0eb9c3b\">\n<div class=\"wp-block-uagb-info-box uagb-block-66a16db8 uagb-infobox__content-wrap  uagb-infobox-icon-above-title uagb-infobox-image-valign-top\"><div class=\"uagb-ifb-content\"><div class=\"uagb-ifb-image-content\"><img decoding=\"async\" src=\"https:\/\/arratzservicesconsulting.com\/wp-content\/uploads\/2025\/09\/Diseno-sin-titulo-21-150x150.png\" alt=\"\" width=\"\" height=\"0\" loading=\"lazy\"\/><\/div><div class=\"uagb-ifb-title-wrap\"><\/div><p class=\"uagb-ifb-desc\">+20 years of real-world experience in sales and commercial management<\/p><\/div><\/div>\n<\/div>\n\n\n\n<div class=\"wp-block-uagb-container uagb-block-74765bfa\">\n<div class=\"wp-block-uagb-info-box uagb-block-47e4c7b5 uagb-infobox__content-wrap  uagb-infobox-icon-above-title uagb-infobox-image-valign-top\"><div class=\"uagb-ifb-content\"><div class=\"uagb-ifb-image-content\"><img decoding=\"async\" src=\"https:\/\/arratzservicesconsulting.com\/wp-content\/uploads\/2025\/09\/Diseno-sin-titulo-34-150x150.png\" alt=\"\" width=\"\" height=\"0\" loading=\"lazy\"\/><\/div><div class=\"uagb-ifb-title-wrap\"><\/div><p class=\"uagb-ifb-desc\">Teams trained in sales psychology and real objections<\/p><\/div><\/div>\n<\/div>\n\n\n\n<div class=\"wp-block-uagb-container uagb-block-bc089556\">\n<div class=\"wp-block-uagb-info-box uagb-block-7c0baedc uagb-infobox__content-wrap  uagb-infobox-icon-above-title uagb-infobox-image-valign-top\"><div class=\"uagb-ifb-content\"><div class=\"uagb-ifb-image-content\"><img decoding=\"async\" src=\"https:\/\/arratzservicesconsulting.com\/wp-content\/uploads\/2025\/09\/Diseno-sin-titulo-36-150x150.png\" alt=\"\" width=\"\" height=\"0\" loading=\"lazy\"\/><\/div><div class=\"uagb-ifb-title-wrap\"><\/div><p class=\"uagb-ifb-desc\">Scripts that connect, not bore<br><\/p><\/div><\/div>\n<\/div>\n\n\n\n<div class=\"wp-block-uagb-container uagb-block-15ed2c8e\">\n<div class=\"wp-block-uagb-info-box uagb-block-dcd5ead7 uagb-infobox__content-wrap  uagb-infobox-icon-above-title uagb-infobox-image-valign-top\"><div class=\"uagb-ifb-content\"><div class=\"uagb-ifb-image-content\"><img decoding=\"async\" src=\"https:\/\/arratzservicesconsulting.com\/wp-content\/uploads\/2025\/09\/Diseno-sin-titulo-37-150x150.png\" alt=\"\" width=\"\" height=\"0\" loading=\"lazy\"\/><\/div><div class=\"uagb-ifb-title-wrap\"><\/div><p class=\"uagb-ifb-desc\">Transparent reports and results<\/p><\/div><\/div>\n<\/div>\n<\/div><\/div>\n\n\n\n<div class=\"wp-block-uagb-advanced-heading uagb-block-ab04caad\"><h2 class=\"uagb-heading-text\">Your next client is just a call or a click away.<\/h2><\/div>\n\n\n\n<div class=\"wp-block-buttons is-content-justification-center is-layout-flex wp-container-core-buttons-is-layout-a89b3969 wp-block-buttons-is-layout-flex\">\n<div class=\"wp-block-button\"><a class=\"wp-block-button__link has-background has-text-align-center wp-element-button\" href=\"https:\/\/arratzservicesconsulting.com\/en\/contacto\/\" style=\"background-color:#dfbd52\">Request a consultation <\/a><\/div>\n<\/div>\n\n\n\n<div class=\"wp-block-uagb-buttons uagb-buttons__outer-wrap uagb-btn__default-btn uagb-btn-tablet__default-btn uagb-btn-mobile__default-btn uagb-block-889d5ea8\"><div class=\"uagb-buttons__wrap uagb-buttons-layout-wrap\"><\/div><\/div>\n\n\n\n<div style=\"height:98px\" aria-hidden=\"true\" class=\"wp-block-spacer\"><\/div>\n\n\n\n<p><\/p>","protected":false},"excerpt":{"rendered":"<p>\u00bfQu\u00e9 resolvemos? \u00bfTu equipo no tiene tiempo o experiencia para captar nuevos clientes? Nosotros lo hacemos por ti, con metodolog\u00eda, discurso y estrategia. Servicios que venden por ti. Por qu\u00e9 elegirnos No improvisamos: ejecutamos procesos que funcionan. Tu pr\u00f3ximo cliente est\u00e1 a una llamada o un clic.<\/p>","protected":false},"author":1,"featured_media":0,"parent":0,"menu_order":0,"comment_status":"closed","ping_status":"closed","template":"","meta":{"_uag_custom_page_level_css":"","footnotes":""},"class_list":["post-602","page","type-page","status-publish","hentry"],"blocksy_meta":[],"uagb_featured_image_src":{"full":false,"thumbnail":false,"medium":false,"medium_large":false,"large":false,"1536x1536":false,"2048x2048":false,"trp-custom-language-flag":false},"uagb_author_info":{"display_name":"arratzservicesconsulting_vt3346","author_link":"https:\/\/arratzservicesconsulting.com\/en\/author\/arratzservicesconsulting_vt3346\/"},"uagb_comment_info":0,"uagb_excerpt":"\u00bfQu\u00e9 resolvemos? \u00bfTu equipo no tiene tiempo o experiencia para captar nuevos clientes? Nosotros lo hacemos por ti, con metodolog\u00eda, discurso y estrategia. Servicios que venden por ti. Por qu\u00e9 elegirnos No improvisamos: ejecutamos procesos que funcionan. Tu pr\u00f3ximo cliente est\u00e1 a una llamada o un clic.","_links":{"self":[{"href":"https:\/\/arratzservicesconsulting.com\/en\/wp-json\/wp\/v2\/pages\/602","targetHints":{"allow":["GET"]}}],"collection":[{"href":"https:\/\/arratzservicesconsulting.com\/en\/wp-json\/wp\/v2\/pages"}],"about":[{"href":"https:\/\/arratzservicesconsulting.com\/en\/wp-json\/wp\/v2\/types\/page"}],"author":[{"embeddable":true,"href":"https:\/\/arratzservicesconsulting.com\/en\/wp-json\/wp\/v2\/users\/1"}],"replies":[{"embeddable":true,"href":"https:\/\/arratzservicesconsulting.com\/en\/wp-json\/wp\/v2\/comments?post=602"}],"version-history":[{"count":14,"href":"https:\/\/arratzservicesconsulting.com\/en\/wp-json\/wp\/v2\/pages\/602\/revisions"}],"predecessor-version":[{"id":790,"href":"https:\/\/arratzservicesconsulting.com\/en\/wp-json\/wp\/v2\/pages\/602\/revisions\/790"}],"wp:attachment":[{"href":"https:\/\/arratzservicesconsulting.com\/en\/wp-json\/wp\/v2\/media?parent=602"}],"curies":[{"name":"wp","href":"https:\/\/api.w.org\/{rel}","templated":true}]}}