{"id":601,"date":"2025-09-02T19:09:30","date_gmt":"2025-09-02T19:09:30","guid":{"rendered":"https:\/\/arratzservicesconsulting.com\/?page_id=601"},"modified":"2025-11-27T15:44:09","modified_gmt":"2025-11-27T15:44:09","slug":"diseno-y-desarrollo-web","status":"publish","type":"page","link":"https:\/\/arratzservicesconsulting.com\/en\/diseno-y-desarrollo-web\/","title":{"rendered":"Web design and development"},"content":{"rendered":"<div class=\"wp-block-cover\"><img loading=\"lazy\" decoding=\"async\" width=\"1024\" height=\"683\" class=\"wp-block-cover__image-background wp-image-766 size-large\" alt=\"\" src=\"https:\/\/arratzservicesconsulting.com\/wp-content\/uploads\/2025\/09\/ChatGPT-Image-15-sept-2025-14_35_29-1-1024x683.png\" style=\"object-position:51% 72%\" data-object-fit=\"cover\" data-object-position=\"51% 72%\" srcset=\"https:\/\/arratzservicesconsulting.com\/wp-content\/uploads\/2025\/09\/ChatGPT-Image-15-sept-2025-14_35_29-1-1024x683.png 1024w, https:\/\/arratzservicesconsulting.com\/wp-content\/uploads\/2025\/09\/ChatGPT-Image-15-sept-2025-14_35_29-1-300x200.png 300w, https:\/\/arratzservicesconsulting.com\/wp-content\/uploads\/2025\/09\/ChatGPT-Image-15-sept-2025-14_35_29-1-768x512.png 768w, https:\/\/arratzservicesconsulting.com\/wp-content\/uploads\/2025\/09\/ChatGPT-Image-15-sept-2025-14_35_29-1.png 1536w\" sizes=\"auto, (max-width: 1024px) 100vw, 1024px\" \/><span aria-hidden=\"true\" class=\"wp-block-cover__background has-background-dim\" style=\"background-color:#262624\"><\/span><div class=\"wp-block-cover__inner-container is-layout-constrained wp-block-cover-is-layout-constrained\">\n<div class=\"wp-block-uagb-advanced-heading uagb-block-4ff81aea\"><h1 class=\"uagb-heading-text translation-block\">\u201cYour business deserves a digital presence <br>that impresses, works, and sells.\u201d<\/h1><\/div>\n\n\n\n<div class=\"wp-block-uagb-advanced-heading uagb-block-9ed749d5\"><h5 class=\"uagb-heading-text\">Design, development, image, video, and social media: everything you need to stand out online.<\/h5><\/div>\n<\/div><\/div>\n\n\n\n<div class=\"wp-block-buttons is-content-justification-center is-layout-flex wp-container-core-buttons-is-layout-a89b3969 wp-block-buttons-is-layout-flex\">\n<div class=\"wp-block-button\" id=\"https:\/\/arratzservicesconsulting.com\/contacto\/\"><a class=\"wp-block-button__link has-background has-text-align-center wp-element-button\" href=\"https:\/\/arratzservicesconsulting.com\/en\/formulario-diseno-y-desarrollo-web\/\" style=\"background-color:#dfbd52\">Request your quote<\/a><\/div>\n<\/div>\n\n\n\n<div class=\"wp-block-uagb-advanced-heading uagb-block-079649e8\"><h1 class=\"uagb-heading-text\">What do we do for you?<\/h1><\/div>\n\n\n\n<div class=\"wp-block-uagb-container uagb-block-2ab9e3a7 alignfull uagb-is-root-container\"><div class=\"uagb-container-inner-blocks-wrap\">\n<div class=\"wp-block-uagb-container uagb-block-172b5cb4\">\n<div class=\"wp-block-uagb-info-box uagb-block-aeebe13c uagb-infobox__content-wrap  uagb-infobox-icon-above-title uagb-infobox-image-valign-top\"><div class=\"uagb-ifb-content\"><div class=\"uagb-ifb-image-content\"><img decoding=\"async\" src=\"https:\/\/arratzservicesconsulting.com\/wp-content\/uploads\/2025\/09\/Diseno-sin-titulo-23-150x150.png\" alt=\"\" width=\"162\" height=\"162\" loading=\"lazy\"\/><\/div><div class=\"uagb-ifb-title-wrap\"><h3 class=\"uagb-ifb-title\">Professional websites<\/h3><\/div><p class=\"uagb-ifb-desc\">Professional websites: Fast, optimized, and responsive to all devices.<\/p><\/div><\/div>\n<\/div>\n\n\n\n<div class=\"wp-block-uagb-container uagb-block-1c284c1b\">\n<div class=\"wp-block-uagb-info-box uagb-block-b87a6eb1 uagb-infobox__content-wrap  uagb-infobox-icon-above-title uagb-infobox-image-valign-top\"><div class=\"uagb-ifb-content\"><div class=\"uagb-ifb-image-content\"><img decoding=\"async\" src=\"https:\/\/arratzservicesconsulting.com\/wp-content\/uploads\/2025\/09\/Diseno-sin-titulo-21-150x150.png\" alt=\"\" width=\"\" height=\"0\" loading=\"lazy\"\/><\/div><div class=\"uagb-ifb-title-wrap\"><h3 class=\"uagb-ifb-title\">Videos that impact <\/h3><\/div><p class=\"uagb-ifb-desc\">Professional editing that communicates and sells.<\/p><\/div><\/div>\n<\/div>\n\n\n\n<div class=\"wp-block-uagb-container uagb-block-2ac76771\">\n<div class=\"wp-block-uagb-info-box uagb-block-919eb675 uagb-infobox__content-wrap  uagb-infobox-icon-above-title uagb-infobox-image-valign-top\"><div class=\"uagb-ifb-content\"><div class=\"uagb-ifb-image-content\"><img decoding=\"async\" src=\"https:\/\/arratzservicesconsulting.com\/wp-content\/uploads\/2025\/09\/Diseno-sin-titulo-20-150x150.png\" alt=\"\" width=\"162\" height=\"162\" loading=\"lazy\"\/><\/div><div class=\"uagb-ifb-title-wrap\"><h3 class=\"uagb-ifb-title\">Unique visual identity<\/h3><\/div><p class=\"uagb-ifb-desc\">We create your logo with strategic criteria.<\/p><\/div><\/div>\n<\/div>\n\n\n\n<div class=\"wp-block-uagb-container uagb-block-bdf928de\">\n<div class=\"wp-block-uagb-info-box uagb-block-74f462d6 uagb-infobox__content-wrap  uagb-infobox-icon-above-title uagb-infobox-image-valign-top\"><div class=\"uagb-ifb-content\"><div class=\"uagb-ifb-image-content\"><img decoding=\"async\" src=\"https:\/\/arratzservicesconsulting.com\/wp-content\/uploads\/2025\/09\/Diseno-sin-titulo-19-150x150.png\" alt=\"\" width=\"\" height=\"0\" loading=\"lazy\"\/><\/div><div class=\"uagb-ifb-title-wrap\"><h3 class=\"uagb-ifb-title\">All in one place<\/h3><\/div><p class=\"uagb-ifb-desc\">We take care of everything, without complications.<\/p><\/div><\/div>\n<\/div>\n\n\n\n<div class=\"wp-block-uagb-separator uagb-block-fe865135\"><div class=\"uagb-separator-spacing-wrapper\"><div class=\"wp-block-uagb-separator__inner\" style=\"--my-background-image:\"><\/div><\/div><\/div>\n<\/div><\/div>\n\n\n\n<div class=\"wp-block-uagb-advanced-heading uagb-block-a4a3e668\"><h1 class=\"uagb-heading-text\">Our services<\/h1><\/div>\n\n\n\n<div class=\"wp-block-uagb-advanced-heading uagb-block-1cc9f091\"><h5 class=\"uagb-heading-text\">Services that transform your online presence<\/h5><\/div>\n\n\n\n<div class=\"wp-block-uagb-container uagb-block-6d5bda63 alignfull uagb-is-root-container\"><div class=\"uagb-container-inner-blocks-wrap\">\n<div class=\"wp-block-uagb-container uagb-block-93c8622c\">\n<div class=\"wp-block-uagb-info-box uagb-block-3076a25c uagb-infobox__content-wrap  uagb-infobox-icon-above-title uagb-infobox-image-valign-top\"><div class=\"uagb-ifb-content\"><div class=\"uagb-ifb-image-content\"><img decoding=\"async\" src=\"https:\/\/arratzservicesconsulting.com\/wp-content\/uploads\/2025\/09\/Diseno-sin-titulo-24-150x150.png\" alt=\"\" width=\"\" height=\"0\" loading=\"lazy\"\/><\/div><div class=\"uagb-ifb-title-wrap\"><h3 class=\"uagb-ifb-title\"> Dise\u00f1o y desarrollo<br> web<\/h3><\/div><\/div><\/div>\n\n\n\n<div class=\"wp-block-uagb-icon-list uagb-block-9b5b82ca\"><div class=\"uagb-icon-list__wrap\">\n<div class=\"wp-block-uagb-icon-list-child uagb-block-692191fb\"><span class=\"uagb-icon-list__source-wrap\"><svg xmlns=\"https:\/\/www.w3.org\/2000\/svg\" viewbox=\"0 0 384 512\"><path d=\"M192 80C94.83 80 16 158.8 16 256c0 97.17 78.83 176 176 176s176-78.83 176-176C368 158.8 289.2 80 192 80zM192 352c-52.95 0-96-43.05-96-96c0-52.95 43.05-96 96-96s96 43.05 96 96C288 308.9 244.1 352 192 352z\"><\/path><\/svg><\/span><span class=\"uagb-icon-list__label\">Webs corporativas, landing pages y<br> Tiendas online<\/span><\/div>\n\n\n\n<div class=\"wp-block-uagb-icon-list-child uagb-block-de303dd9\"><span class=\"uagb-icon-list__source-wrap\"><svg xmlns=\"https:\/\/www.w3.org\/2000\/svg\" viewbox=\"0 0 384 512\"><path d=\"M192 80C94.83 80 16 158.8 16 256c0 97.17 78.83 176 176 176s176-78.83 176-176C368 158.8 289.2 80 192 80zM192 352c-52.95 0-96-43.05-96-96c0-52.95 43.05-96 96-96s96 43.05 96 96C288 308.9 244.1 352 192 352z\"><\/path><\/svg><\/span><span class=\"uagb-icon-list__label\">Mobile optimization and technical SEO<\/span><\/div>\n\n\n\n<div class=\"wp-block-uagb-icon-list-child uagb-block-e64bb31b\"><span class=\"uagb-icon-list__source-wrap\"><svg xmlns=\"https:\/\/www.w3.org\/2000\/svg\" viewbox=\"0 0 384 512\"><path d=\"M192 80C94.83 80 16 158.8 16 256c0 97.17 78.83 176 176 176s176-78.83 176-176C368 158.8 289.2 80 192 80zM192 352c-52.95 0-96-43.05-96-96c0-52.95 43.05-96 96-96s96 43.05 96 96C288 308.9 244.1 352 192 352z\"><\/path><\/svg><\/span><span class=\"uagb-icon-list__label\">Security, speed and usability <\/span><\/div>\n<\/div><\/div>\n<\/div>\n\n\n\n<div class=\"wp-block-uagb-container uagb-block-9ed97a13\">\n<div class=\"wp-block-uagb-info-box uagb-block-518b8166 uagb-infobox__content-wrap  uagb-infobox-icon-above-title uagb-infobox-image-valign-top\"><div class=\"uagb-ifb-content\"><div class=\"uagb-ifb-image-content\"><img decoding=\"async\" src=\"https:\/\/arratzservicesconsulting.com\/wp-content\/uploads\/2025\/09\/Diseno-sin-titulo-25-1-150x150.png\" alt=\"\" width=\"\" height=\"0\" loading=\"lazy\"\/><\/div><div class=\"uagb-ifb-title-wrap\"><h3 class=\"uagb-ifb-title translation-block\">Logo design<\/h3><\/div><\/div><\/div>\n\n\n\n<div class=\"wp-block-uagb-icon-list uagb-block-8858ed2d\"><div class=\"uagb-icon-list__wrap\">\n<div class=\"wp-block-uagb-icon-list-child uagb-block-a0cd54d0\"><span class=\"uagb-icon-list__source-wrap\"><svg xmlns=\"https:\/\/www.w3.org\/2000\/svg\" viewbox=\"0 0 384 512\"><path d=\"M192 80C94.83 80 16 158.8 16 256c0 97.17 78.83 176 176 176s176-78.83 176-176C368 158.8 289.2 80 192 80zM192 352c-52.95 0-96-43.05-96-96c0-52.95 43.05-96 96-96s96 43.05 96 96C288 308.9 244.1 352 192 352z\"><\/path><\/svg><\/span><span class=\"uagb-icon-list__label\">Sector and values \u200b\u200bstudy <br>Minimum brand <\/span><\/div>\n\n\n\n<div class=\"wp-block-uagb-icon-list-child uagb-block-b308da5e\"><span class=\"uagb-icon-list__source-wrap\"><svg xmlns=\"https:\/\/www.w3.org\/2000\/svg\" viewbox=\"0 0 384 512\"><path d=\"M192 80C94.83 80 16 158.8 16 256c0 97.17 78.83 176 176 176s176-78.83 176-176C368 158.8 289.2 80 192 80zM192 352c-52.95 0-96-43.05-96-96c0-52.95 43.05-96 96-96s96 43.05 96 96C288 308.9 244.1 352 192 352z\"><\/path><\/svg><\/span><span class=\"uagb-icon-list__label\">Minimum 3 proposals + deliverables in all formats<br><\/span><\/div>\n<\/div><\/div>\n<\/div>\n\n\n\n<div class=\"wp-block-uagb-container uagb-block-feff6714\">\n<div class=\"wp-block-uagb-info-box uagb-block-19e66752 uagb-infobox__content-wrap  uagb-infobox-icon-above-title uagb-infobox-image-valign-top\"><div class=\"uagb-ifb-content\"><div class=\"uagb-ifb-image-content\"><img decoding=\"async\" src=\"https:\/\/arratzservicesconsulting.com\/wp-content\/uploads\/2025\/09\/Diseno-sin-titulo-27-150x150.png\" alt=\"\" width=\"\" height=\"0\" loading=\"lazy\"\/><\/div><div class=\"uagb-ifb-title-wrap\"><h3 class=\"uagb-ifb-title\">Video editing<\/h3><\/div><\/div><\/div>\n\n\n\n<div class=\"wp-block-uagb-icon-list uagb-block-289978a9\"><div class=\"uagb-icon-list__wrap\">\n<div class=\"wp-block-uagb-icon-list-child uagb-block-9f03e14e\"><span class=\"uagb-icon-list__source-wrap\"><svg xmlns=\"https:\/\/www.w3.org\/2000\/svg\" viewbox=\"0 0 384 512\"><path d=\"M192 80C94.83 80 16 158.8 16 256c0 97.17 78.83 176 176 176s176-78.83 176-176C368 158.8 289.2 80 192 80zM192 352c-52.95 0-96-43.05-96-96c0-52.95 43.05-96 96-96s96 43.05 96 96C288 308.9 244.1 352 192 352z\"><\/path><\/svg><\/span><span class=\"uagb-icon-list__label\">Corporate, advertising and product videos<\/span><\/div>\n\n\n\n<div class=\"wp-block-uagb-icon-list-child uagb-block-5c5b2625\"><span class=\"uagb-icon-list__source-wrap\"><svg xmlns=\"https:\/\/www.w3.org\/2000\/svg\" viewbox=\"0 0 384 512\"><path d=\"M192 80C94.83 80 16 158.8 16 256c0 97.17 78.83 176 176 176s176-78.83 176-176C368 158.8 289.2 80 192 80zM192 352c-52.95 0-96-43.05-96-96c0-52.95 43.05-96 96-96s96 43.05 96 96C288 308.9 244.1 352 192 352z\"><\/path><\/svg><\/span><span class=\"uagb-icon-list__label\">Reels and vertical content for networks<\/span><\/div>\n\n\n\n<div class=\"wp-block-uagb-icon-list-child uagb-block-6c09e262\"><span class=\"uagb-icon-list__source-wrap\"><svg xmlns=\"https:\/\/www.w3.org\/2000\/svg\" viewbox=\"0 0 384 512\"><path d=\"M192 80C94.83 80 16 158.8 16 256c0 97.17 78.83 176 176 176s176-78.83 176-176C368 158.8 289.2 80 192 80zM192 352c-52.95 0-96-43.05-96-96c0-52.95 43.05-96 96-96s96 43.05 96 96C288 308.9 244.1 352 192 352z\"><\/path><\/svg><\/span><span class=\"uagb-icon-list__label\">Custom music, subtitles, effects and intro<br><\/span><\/div>\n<\/div><\/div>\n<\/div>\n<\/div><\/div>\n\n\n\n<div class=\"wp-block-uagb-container uagb-block-3617f3a8 alignfull uagb-is-root-container\"><div class=\"uagb-container-inner-blocks-wrap\">\n<div class=\"wp-block-uagb-container uagb-block-8285fa3a\">\n<div class=\"wp-block-uagb-info-box uagb-block-5b174c59 uagb-infobox__content-wrap  uagb-infobox-icon-above-title uagb-infobox-image-valign-top\"><div class=\"uagb-ifb-content\"><div class=\"uagb-ifb-image-content\"><img decoding=\"async\" src=\"https:\/\/arratzservicesconsulting.com\/wp-content\/uploads\/2025\/09\/Diseno-sin-titulo-26-150x150.png\" alt=\"\" width=\"\" height=\"0\" loading=\"lazy\"\/><\/div><div class=\"uagb-ifb-title-wrap\"><h3 class=\"uagb-ifb-title translation-block\">Social Media Management<\/h3><\/div><\/div><\/div>\n\n\n\n<div class=\"wp-block-uagb-icon-list uagb-block-bcb67fde\"><div class=\"uagb-icon-list__wrap\">\n<div class=\"wp-block-uagb-icon-list-child uagb-block-fea726bb\"><span class=\"uagb-icon-list__source-wrap\"><svg xmlns=\"https:\/\/www.w3.org\/2000\/svg\" viewbox=\"0 0 384 512\"><path d=\"M192 80C94.83 80 16 158.8 16 256c0 97.17 78.83 176 176 176s176-78.83 176-176C368 158.8 289.2 80 192 80zM192 352c-52.95 0-96-43.05-96-96c0-52.95 43.05-96 96-96s96 43.05 96 96C288 308.9 244.1 352 192 352z\"><\/path><\/svg><\/span><span class=\"uagb-icon-list__label\">Planning, design, writing and<br>Content programming<\/span><\/div>\n<\/div><\/div>\n\n\n\n<div class=\"wp-block-uagb-icon-list uagb-block-b2901e35\"><div class=\"uagb-icon-list__wrap\">\n<div class=\"wp-block-uagb-icon-list-child uagb-block-f4ed6e91\"><span class=\"uagb-icon-list__source-wrap\"><svg xmlns=\"https:\/\/www.w3.org\/2000\/svg\" viewbox=\"0 0 384 512\"><path d=\"M192 80C94.83 80 16 158.8 16 256c0 97.17 78.83 176 176 176s176-78.83 176-176C368 158.8 289.2 80 192 80zM192 352c-52.95 0-96-43.05-96-96c0-52.95 43.05-96 96-96s96 43.05 96 96C288 308.9 244.1 352 192 352z\"><\/path><\/svg><\/span><span class=\"uagb-icon-list__label\">Monthly packages with analytics and reports<\/span><\/div>\n\n\n\n<div class=\"wp-block-uagb-icon-list-child uagb-block-c2072973\"><span class=\"uagb-icon-list__source-wrap\"><svg xmlns=\"https:\/\/www.w3.org\/2000\/svg\" viewbox=\"0 0 384 512\"><path d=\"M192 80C94.83 80 16 158.8 16 256c0 97.17 78.83 176 176 176s176-78.83 176-176C368 158.8 289.2 80 192 80zM192 352c-52.95 0-96-43.05-96-96c0-52.95 43.05-96 96-96s96 43.05 96 96C288 308.9 244.1 352 192 352z\"><\/path><\/svg><\/span><span class=\"uagb-icon-list__label\">Images, reels, carousels and more<\/span><\/div>\n<\/div><\/div>\n<\/div>\n\n\n\n<div class=\"wp-block-uagb-container uagb-block-395302e7\">\n<div class=\"wp-block-uagb-info-box uagb-block-fcc07ffc uagb-infobox__content-wrap  uagb-infobox-icon-above-title uagb-infobox-image-valign-top\"><div class=\"uagb-ifb-content\"><div class=\"uagb-ifb-image-content\"><img decoding=\"async\" src=\"https:\/\/arratzservicesconsulting.com\/wp-content\/uploads\/2025\/09\/Diseno-sin-titulo-28-150x150.png\" alt=\"\" width=\"\" height=\"0\" loading=\"lazy\"\/><\/div><div class=\"uagb-ifb-title-wrap\"><h3 class=\"uagb-ifb-title translation-block\">Website creation<\/h3><\/div><\/div><\/div>\n\n\n\n<div class=\"wp-block-uagb-icon-list uagb-block-2bb3cfbb\"><div class=\"uagb-icon-list__wrap\">\n<div class=\"wp-block-uagb-icon-list-child uagb-block-d944edef\"><span class=\"uagb-icon-list__source-wrap\"><svg xmlns=\"https:\/\/www.w3.org\/2000\/svg\" viewbox=\"0 0 384 512\"><path d=\"M192 80C94.83 80 16 158.8 16 256c0 97.17 78.83 176 176 176s176-78.83 176-176C368 158.8 289.2 80 192 80zM192 352c-52.95 0-96-43.05-96-96c0-52.95 43.05-96 96-96s96 43.05 96 96C288 308.9 244.1 352 192 352z\"><\/path><\/svg><\/span><span class=\"uagb-icon-list__label\">From scratch, turnkey<\/span><\/div>\n\n\n\n<div class=\"wp-block-uagb-icon-list-child uagb-block-fe601989\"><span class=\"uagb-icon-list__source-wrap\"><svg xmlns=\"https:\/\/www.w3.org\/2000\/svg\" viewbox=\"0 0 384 512\"><path d=\"M192 80C94.83 80 16 158.8 16 256c0 97.17 78.83 176 176 176s176-78.83 176-176C368 158.8 289.2 80 192 80zM192 352c-52.95 0-96-43.05-96-96c0-52.95 43.05-96 96-96s96 43.05 96 96C288 308.9 244.1 352 192 352z\"><\/path><\/svg><\/span><span class=\"uagb-icon-list__label\"><br>Integration with networks, <br>WhatsApp, forms, gateways <br>paid and more<\/span><\/div>\n<\/div><\/div>\n<\/div>\n<\/div><\/div>\n\n\n\n<p><\/p>\n\n\n\n<div class=\"wp-block-uagb-advanced-heading uagb-block-01e79366\"><h2 class=\"uagb-heading-text\">More than design. Strategy, experience, and real results.<\/h2><\/div>\n\n\n\n<div class=\"wp-block-uagb-advanced-heading uagb-block-9c0e98fd\"><h5 class=\"uagb-heading-text translation-block\">We don't just create websites or logos. We create digital assets that reflect who you are and\nachieve what you're looking for: visibility, trust, and sales.\nWe already work with companies across multiple sectors in Spain and Latin America.<\/h5><\/div>\n\n\n\n<div class=\"wp-block-uagb-container uagb-block-f00cb530 alignfull uagb-is-root-container\"><div class=\"uagb-container-inner-blocks-wrap\">\n<div class=\"wp-block-uagb-icon-list uagb-block-f47f33ed\"><div class=\"uagb-icon-list__wrap\">\n<div class=\"wp-block-uagb-icon-list-child uagb-block-bfd0debd\"><span class=\"uagb-icon-list__source-wrap\"><svg xmlns=\"https:\/\/www.w3.org\/2000\/svg\" viewbox=\"0 0 448 512\"><path d=\"M438.6 105.4C451.1 117.9 451.1 138.1 438.6 150.6L182.6 406.6C170.1 419.1 149.9 419.1 137.4 406.6L9.372 278.6C-3.124 266.1-3.124 245.9 9.372 233.4C21.87 220.9 42.13 220.9 54.63 233.4L159.1 338.7L393.4 105.4C405.9 92.88 426.1 92.88 438.6 105.4H438.6z\"><\/path><\/svg><\/span><span class=\"uagb-icon-list__label\">Full customization<\/span><\/div>\n\n\n\n<div class=\"wp-block-uagb-icon-list-child uagb-block-49525088\"><span class=\"uagb-icon-list__source-wrap\"><svg xmlns=\"https:\/\/www.w3.org\/2000\/svg\" viewbox=\"0 0 448 512\"><path d=\"M438.6 105.4C451.1 117.9 451.1 138.1 438.6 150.6L182.6 406.6C170.1 419.1 149.9 419.1 137.4 406.6L9.372 278.6C-3.124 266.1-3.124 245.9 9.372 233.4C21.87 220.9 42.13 220.9 54.63 233.4L159.1 338.7L393.4 105.4C405.9 92.88 426.1 92.88 438.6 105.4H438.6z\"><\/path><\/svg><\/span><span class=\"uagb-icon-list__label\">Direct treatment and accompaniment<\/span><\/div>\n\n\n\n<div class=\"wp-block-uagb-icon-list-child uagb-block-1fb65e0a\"><span class=\"uagb-icon-list__source-wrap\"><svg xmlns=\"https:\/\/www.w3.org\/2000\/svg\" viewbox=\"0 0 448 512\"><path d=\"M438.6 105.4C451.1 117.9 451.1 138.1 438.6 150.6L182.6 406.6C170.1 419.1 149.9 419.1 137.4 406.6L9.372 278.6C-3.124 266.1-3.124 245.9 9.372 233.4C21.87 220.9 42.13 220.9 54.63 233.4L159.1 338.7L393.4 105.4C405.9 92.88 426.1 92.88 438.6 105.4H438.6z\"><\/path><\/svg><\/span><span class=\"uagb-icon-list__label\">Fast deliveries <\/span><\/div>\n\n\n\n<div class=\"wp-block-uagb-icon-list-child uagb-block-707422f8\"><span class=\"uagb-icon-list__source-wrap\"><svg xmlns=\"https:\/\/www.w3.org\/2000\/svg\" viewbox=\"0 0 448 512\"><path d=\"M438.6 105.4C451.1 117.9 451.1 138.1 438.6 150.6L182.6 406.6C170.1 419.1 149.9 419.1 137.4 406.6L9.372 278.6C-3.124 266.1-3.124 245.9 9.372 233.4C21.87 220.9 42.13 220.9 54.63 233.4L159.1 338.7L393.4 105.4C405.9 92.88 426.1 92.88 438.6 105.4H438.6z\"><\/path><\/svg><\/span><span class=\"uagb-icon-list__label\">Fair prices without losing quality<\/span><\/div>\n<\/div><\/div>\n<\/div><\/div>\n\n\n\n<div class=\"wp-block-uagb-advanced-heading uagb-block-18a15476\"><h3 class=\"uagb-heading-text\">Ready to take your brand to the next level?<\/h3><\/div>\n\n\n\n<div class=\"wp-block-buttons is-content-justification-center is-layout-flex wp-container-core-buttons-is-layout-a89b3969 wp-block-buttons-is-layout-flex\">\n<div class=\"wp-block-button\"><a class=\"wp-block-button__link has-background has-text-align-center wp-element-button\" href=\"https:\/\/arratzservicesconsulting.com\/en\/formulario-diseno-y-desarrollo-web\/\" style=\"background-color:#dfbd52\">Request a personalized, no-obligation quote.<\/a><\/div>\n<\/div>\n\n\n\n<p><\/p>","protected":false},"excerpt":{"rendered":"<p>\u00bfQu\u00e9 hacemos por ti? Nuestros servicios Servicios que transforman tu presencia online M\u00e1s que dise\u00f1o. Estrategia, experiencia y resultados reales. No solo creamos webs o logotipos. Creamos activos digitales que reflejan lo que eres y logran lo que buscas: visibilidad, confianza y ventas.Ya trabajamos con empresas de m\u00faltiples sectores en Espa\u00f1a y Latinoam\u00e9rica. \u00bfListo para [&hellip;]<\/p>\n","protected":false},"author":1,"featured_media":0,"parent":0,"menu_order":0,"comment_status":"closed","ping_status":"closed","template":"","meta":{"_uag_custom_page_level_css":"","footnotes":""},"class_list":["post-601","page","type-page","status-publish","hentry"],"blocksy_meta":[],"uagb_featured_image_src":{"full":false,"thumbnail":false,"medium":false,"medium_large":false,"large":false,"1536x1536":false,"2048x2048":false,"trp-custom-language-flag":false},"uagb_author_info":{"display_name":"arratzservicesconsulting_vt3346","author_link":"https:\/\/arratzservicesconsulting.com\/en\/author\/arratzservicesconsulting_vt3346\/"},"uagb_comment_info":0,"uagb_excerpt":"\u00bfQu\u00e9 hacemos por ti? Nuestros servicios Servicios que transforman tu presencia online M\u00e1s que dise\u00f1o. Estrategia, experiencia y resultados reales. No solo creamos webs o logotipos. Creamos activos digitales que reflejan lo que eres y logran lo que buscas: visibilidad, confianza y ventas.Ya trabajamos con empresas de m\u00faltiples sectores en Espa\u00f1a y Latinoam\u00e9rica. \u00bfListo para&hellip;","_links":{"self":[{"href":"https:\/\/arratzservicesconsulting.com\/en\/wp-json\/wp\/v2\/pages\/601","targetHints":{"allow":["GET"]}}],"collection":[{"href":"https:\/\/arratzservicesconsulting.com\/en\/wp-json\/wp\/v2\/pages"}],"about":[{"href":"https:\/\/arratzservicesconsulting.com\/en\/wp-json\/wp\/v2\/types\/page"}],"author":[{"embeddable":true,"href":"https:\/\/arratzservicesconsulting.com\/en\/wp-json\/wp\/v2\/users\/1"}],"replies":[{"embeddable":true,"href":"https:\/\/arratzservicesconsulting.com\/en\/wp-json\/wp\/v2\/comments?post=601"}],"version-history":[{"count":31,"href":"https:\/\/arratzservicesconsulting.com\/en\/wp-json\/wp\/v2\/pages\/601\/revisions"}],"predecessor-version":[{"id":950,"href":"https:\/\/arratzservicesconsulting.com\/en\/wp-json\/wp\/v2\/pages\/601\/revisions\/950"}],"wp:attachment":[{"href":"https:\/\/arratzservicesconsulting.com\/en\/wp-json\/wp\/v2\/media?parent=601"}],"curies":[{"name":"wp","href":"https:\/\/api.w.org\/{rel}","templated":true}]}}